{"id":3600,"date":"2019-04-17T11:27:18","date_gmt":"2019-04-17T11:27:18","guid":{"rendered":"https:\/\/innovasocial.webs.upv.es\/?page_id=3600"},"modified":"2019-04-17T11:30:45","modified_gmt":"2019-04-17T11:30:45","slug":"vicente-traver","status":"publish","type":"page","link":"https:\/\/innovasocial.webs.upv.es\/index.php\/vicente-traver\/","title":{"rendered":"Vicente Traver"},"content":{"rendered":"\n<figure class=\"wp-block-image is-resized\"><img loading=\"lazy\" decoding=\"async\" src=\"http:\/\/www.sabien.upv.es\/wp-content\/uploads\/freshizer\/283bc10125cb20e376e9c4b0a7a408f7_fotoVicenteTraver-863-430-c.png\" alt=\"\" width=\"377\" height=\"187\"\/><\/figure>\n\n\n\n<p style=\"text-align:left\"> Dr. Ingeniero en Telecomunicaciones por la Universidad Polit\u00e9cnica de Valencia. Sus actividades de I+D+i y transferencia tecnol\u00f3gicas est\u00e1n centradas en telemedicina y e-salud, dirigiendo el grupo SABIEN (Innovaciones Tecnol\u00f3gicas para la Salud y el Bienestar) de ITACA Profesor de la Universidad Polit\u00e9cnica de Valencia, imparte desde 2001 docencia sobre asignaturas relacionadas con las TIC y la salud. <\/p>\n\n\n\n<p>Miembro de la Comisi\u00f3n Acad\u00e9mica del Master Interuniversitario de Ingenier\u00eda Biom\u00e9dica, de donde tambi\u00e9n es profesor. Ha participado en m\u00e1s de 30 proyectos europeos y nacionales de I+D y 15 convenios de investigaci\u00f3n con empresas en el sector de la telemedicina y la e-salud. <\/p>\n\n\n\n<p>Autor de 20 art\u00edculos en revista internacional y 10 en revista nacional, y m\u00e1s de 120 ponencias en congresos internacionales y nacionales. <\/p>\n\n\n\n<p>Experto de FENIN para Estudio Prospectiva Tecnol\u00f3gica en e-salud. Fundador de varias empresas en el sector de la Salud y el Bienestar.<\/p>\n\n\n\n<p>Coordinador del microcluster de investigaci\u00f3n &#8216;Tecnolog\u00edas Innovadoras para la Salud y el Envejecimiento Activo y Saludable&#8217;.<\/p>\n\n\n\n<p> Editor del libro &#8216;El epaciente y las redes sociales&#8217;, apoyado por Fundaci\u00f3n Vodafone y de diversos monogr\u00e1ficos sobre salud y redes sociales con Diario M\u00e9dico. Organizador del congreso IEEE Biomedical Health Informatics 2014 y de diferentes congresos y workshops internacionales. <\/p>\n","protected":false},"excerpt":{"rendered":"<p>Dr. Ingeniero en Telecomunicaciones por la Universidad Polit\u00e9cnica de Valencia. Sus actividades de I+D+i y transferencia tecnol\u00f3gicas est\u00e1n centradas en telemedicina y e-salud, dirigiendo el grupo SABIEN (Innovaciones Tecnol\u00f3gicas para la Salud y el Bienestar) de ITACA Profesor de la Universidad Polit\u00e9cnica de Valencia, imparte desde 2001 docencia sobre asignaturas relacionadas con las TIC y la salud. Miembro de la Comisi\u00f3n Acad\u00e9mica del Master Interuniversitario de Ingenier\u00eda Biom\u00e9dica, de donde tambi\u00e9n es profesor. Ha participado en m\u00e1s de 30 proyectos&hellip;<\/p>\n","protected":false},"author":1,"featured_media":0,"parent":0,"menu_order":0,"comment_status":"closed","ping_status":"closed","template":"","meta":{"footnotes":""},"class_list":["post-3600","page","type-page","status-publish","hentry"],"yoast_head":"<!-- This site is optimized with the Yoast SEO plugin v27.3 - https:\/\/yoast.com\/product\/yoast-seo-wordpress\/ -->\n<title>Vicente Traver - Innova Social<\/title>\n<meta name=\"robots\" content=\"index, follow, max-snippet:-1, max-image-preview:large, max-video-preview:-1\" \/>\n<link rel=\"canonical\" href=\"https:\/\/innovasocial.webs.upv.es\/index.php\/vicente-traver\/\" \/>\n<meta property=\"og:locale\" content=\"es_ES\" \/>\n<meta property=\"og:type\" content=\"article\" \/>\n<meta property=\"og:title\" content=\"Vicente Traver - Innova Social\" \/>\n<meta property=\"og:description\" content=\"Dr. Ingeniero en Telecomunicaciones por la Universidad Polit\u00e9cnica de Valencia. Sus actividades de I+D+i y transferencia tecnol\u00f3gicas est\u00e1n centradas en telemedicina y e-salud, dirigiendo el grupo SABIEN (Innovaciones Tecnol\u00f3gicas para la Salud y el Bienestar) de ITACA Profesor de la Universidad Polit\u00e9cnica de Valencia, imparte desde 2001 docencia sobre asignaturas relacionadas con las TIC y la salud. Miembro de la Comisi\u00f3n Acad\u00e9mica del Master Interuniversitario de Ingenier\u00eda Biom\u00e9dica, de donde tambi\u00e9n es profesor. Ha participado en m\u00e1s de 30 proyectos&hellip;\" \/>\n<meta property=\"og:url\" content=\"https:\/\/innovasocial.webs.upv.es\/index.php\/vicente-traver\/\" \/>\n<meta property=\"og:site_name\" content=\"Innova Social\" \/>\n<meta property=\"article:modified_time\" content=\"2019-04-17T11:30:45+00:00\" \/>\n<meta property=\"og:image\" content=\"http:\/\/www.sabien.upv.es\/wp-content\/uploads\/freshizer\/283bc10125cb20e376e9c4b0a7a408f7_fotoVicenteTraver-863-430-c.png\" \/>\n<meta name=\"twitter:card\" content=\"summary_large_image\" \/>\n<meta name=\"twitter:label1\" content=\"Tiempo de lectura\" \/>\n\t<meta name=\"twitter:data1\" content=\"1 minuto\" \/>\n<script type=\"application\/ld+json\" class=\"yoast-schema-graph\">{\"@context\":\"https:\\\/\\\/schema.org\",\"@graph\":[{\"@type\":\"WebPage\",\"@id\":\"https:\\\/\\\/innovasocial.webs.upv.es\\\/index.php\\\/vicente-traver\\\/\",\"url\":\"https:\\\/\\\/innovasocial.webs.upv.es\\\/index.php\\\/vicente-traver\\\/\",\"name\":\"Vicente Traver - Innova Social\",\"isPartOf\":{\"@id\":\"https:\\\/\\\/innovasocial.webs.upv.es\\\/#website\"},\"primaryImageOfPage\":{\"@id\":\"https:\\\/\\\/innovasocial.webs.upv.es\\\/index.php\\\/vicente-traver\\\/#primaryimage\"},\"image\":{\"@id\":\"https:\\\/\\\/innovasocial.webs.upv.es\\\/index.php\\\/vicente-traver\\\/#primaryimage\"},\"thumbnailUrl\":\"http:\\\/\\\/www.sabien.upv.es\\\/wp-content\\\/uploads\\\/freshizer\\\/283bc10125cb20e376e9c4b0a7a408f7_fotoVicenteTraver-863-430-c.png\",\"datePublished\":\"2019-04-17T11:27:18+00:00\",\"dateModified\":\"2019-04-17T11:30:45+00:00\",\"breadcrumb\":{\"@id\":\"https:\\\/\\\/innovasocial.webs.upv.es\\\/index.php\\\/vicente-traver\\\/#breadcrumb\"},\"inLanguage\":\"es\",\"potentialAction\":[{\"@type\":\"ReadAction\",\"target\":[\"https:\\\/\\\/innovasocial.webs.upv.es\\\/index.php\\\/vicente-traver\\\/\"]}]},{\"@type\":\"ImageObject\",\"inLanguage\":\"es\",\"@id\":\"https:\\\/\\\/innovasocial.webs.upv.es\\\/index.php\\\/vicente-traver\\\/#primaryimage\",\"url\":\"http:\\\/\\\/www.sabien.upv.es\\\/wp-content\\\/uploads\\\/freshizer\\\/283bc10125cb20e376e9c4b0a7a408f7_fotoVicenteTraver-863-430-c.png\",\"contentUrl\":\"http:\\\/\\\/www.sabien.upv.es\\\/wp-content\\\/uploads\\\/freshizer\\\/283bc10125cb20e376e9c4b0a7a408f7_fotoVicenteTraver-863-430-c.png\"},{\"@type\":\"BreadcrumbList\",\"@id\":\"https:\\\/\\\/innovasocial.webs.upv.es\\\/index.php\\\/vicente-traver\\\/#breadcrumb\",\"itemListElement\":[{\"@type\":\"ListItem\",\"position\":1,\"name\":\"Home\",\"item\":\"https:\\\/\\\/innovasocial.webs.upv.es\\\/\"},{\"@type\":\"ListItem\",\"position\":2,\"name\":\"Vicente Traver\"}]},{\"@type\":\"WebSite\",\"@id\":\"https:\\\/\\\/innovasocial.webs.upv.es\\\/#website\",\"url\":\"https:\\\/\\\/innovasocial.webs.upv.es\\\/\",\"name\":\"Innova Social\",\"description\":\"\",\"potentialAction\":[{\"@type\":\"SearchAction\",\"target\":{\"@type\":\"EntryPoint\",\"urlTemplate\":\"https:\\\/\\\/innovasocial.webs.upv.es\\\/?s={search_term_string}\"},\"query-input\":{\"@type\":\"PropertyValueSpecification\",\"valueRequired\":true,\"valueName\":\"search_term_string\"}}],\"inLanguage\":\"es\"}]}<\/script>\n<!-- \/ Yoast SEO plugin. -->","yoast_head_json":{"title":"Vicente Traver - Innova Social","robots":{"index":"index","follow":"follow","max-snippet":"max-snippet:-1","max-image-preview":"max-image-preview:large","max-video-preview":"max-video-preview:-1"},"canonical":"https:\/\/innovasocial.webs.upv.es\/index.php\/vicente-traver\/","og_locale":"es_ES","og_type":"article","og_title":"Vicente Traver - Innova Social","og_description":"Dr. Ingeniero en Telecomunicaciones por la Universidad Polit\u00e9cnica de Valencia. Sus actividades de I+D+i y transferencia tecnol\u00f3gicas est\u00e1n centradas en telemedicina y e-salud, dirigiendo el grupo SABIEN (Innovaciones Tecnol\u00f3gicas para la Salud y el Bienestar) de ITACA Profesor de la Universidad Polit\u00e9cnica de Valencia, imparte desde 2001 docencia sobre asignaturas relacionadas con las TIC y la salud. Miembro de la Comisi\u00f3n Acad\u00e9mica del Master Interuniversitario de Ingenier\u00eda Biom\u00e9dica, de donde tambi\u00e9n es profesor. Ha participado en m\u00e1s de 30 proyectos&hellip;","og_url":"https:\/\/innovasocial.webs.upv.es\/index.php\/vicente-traver\/","og_site_name":"Innova Social","article_modified_time":"2019-04-17T11:30:45+00:00","og_image":[{"url":"http:\/\/www.sabien.upv.es\/wp-content\/uploads\/freshizer\/283bc10125cb20e376e9c4b0a7a408f7_fotoVicenteTraver-863-430-c.png","type":"","width":"","height":""}],"twitter_card":"summary_large_image","twitter_misc":{"Tiempo de lectura":"1 minuto"},"schema":{"@context":"https:\/\/schema.org","@graph":[{"@type":"WebPage","@id":"https:\/\/innovasocial.webs.upv.es\/index.php\/vicente-traver\/","url":"https:\/\/innovasocial.webs.upv.es\/index.php\/vicente-traver\/","name":"Vicente Traver - Innova Social","isPartOf":{"@id":"https:\/\/innovasocial.webs.upv.es\/#website"},"primaryImageOfPage":{"@id":"https:\/\/innovasocial.webs.upv.es\/index.php\/vicente-traver\/#primaryimage"},"image":{"@id":"https:\/\/innovasocial.webs.upv.es\/index.php\/vicente-traver\/#primaryimage"},"thumbnailUrl":"http:\/\/www.sabien.upv.es\/wp-content\/uploads\/freshizer\/283bc10125cb20e376e9c4b0a7a408f7_fotoVicenteTraver-863-430-c.png","datePublished":"2019-04-17T11:27:18+00:00","dateModified":"2019-04-17T11:30:45+00:00","breadcrumb":{"@id":"https:\/\/innovasocial.webs.upv.es\/index.php\/vicente-traver\/#breadcrumb"},"inLanguage":"es","potentialAction":[{"@type":"ReadAction","target":["https:\/\/innovasocial.webs.upv.es\/index.php\/vicente-traver\/"]}]},{"@type":"ImageObject","inLanguage":"es","@id":"https:\/\/innovasocial.webs.upv.es\/index.php\/vicente-traver\/#primaryimage","url":"http:\/\/www.sabien.upv.es\/wp-content\/uploads\/freshizer\/283bc10125cb20e376e9c4b0a7a408f7_fotoVicenteTraver-863-430-c.png","contentUrl":"http:\/\/www.sabien.upv.es\/wp-content\/uploads\/freshizer\/283bc10125cb20e376e9c4b0a7a408f7_fotoVicenteTraver-863-430-c.png"},{"@type":"BreadcrumbList","@id":"https:\/\/innovasocial.webs.upv.es\/index.php\/vicente-traver\/#breadcrumb","itemListElement":[{"@type":"ListItem","position":1,"name":"Home","item":"https:\/\/innovasocial.webs.upv.es\/"},{"@type":"ListItem","position":2,"name":"Vicente Traver"}]},{"@type":"WebSite","@id":"https:\/\/innovasocial.webs.upv.es\/#website","url":"https:\/\/innovasocial.webs.upv.es\/","name":"Innova Social","description":"","potentialAction":[{"@type":"SearchAction","target":{"@type":"EntryPoint","urlTemplate":"https:\/\/innovasocial.webs.upv.es\/?s={search_term_string}"},"query-input":{"@type":"PropertyValueSpecification","valueRequired":true,"valueName":"search_term_string"}}],"inLanguage":"es"}]}},"_links":{"self":[{"href":"https:\/\/innovasocial.webs.upv.es\/index.php\/wp-json\/wp\/v2\/pages\/3600","targetHints":{"allow":["GET"]}}],"collection":[{"href":"https:\/\/innovasocial.webs.upv.es\/index.php\/wp-json\/wp\/v2\/pages"}],"about":[{"href":"https:\/\/innovasocial.webs.upv.es\/index.php\/wp-json\/wp\/v2\/types\/page"}],"author":[{"embeddable":true,"href":"https:\/\/innovasocial.webs.upv.es\/index.php\/wp-json\/wp\/v2\/users\/1"}],"replies":[{"embeddable":true,"href":"https:\/\/innovasocial.webs.upv.es\/index.php\/wp-json\/wp\/v2\/comments?post=3600"}],"version-history":[{"count":3,"href":"https:\/\/innovasocial.webs.upv.es\/index.php\/wp-json\/wp\/v2\/pages\/3600\/revisions"}],"predecessor-version":[{"id":3616,"href":"https:\/\/innovasocial.webs.upv.es\/index.php\/wp-json\/wp\/v2\/pages\/3600\/revisions\/3616"}],"wp:attachment":[{"href":"https:\/\/innovasocial.webs.upv.es\/index.php\/wp-json\/wp\/v2\/media?parent=3600"}],"curies":[{"name":"wp","href":"https:\/\/api.w.org\/{rel}","templated":true}]}}