{"id":3574,"date":"2019-04-16T12:02:25","date_gmt":"2019-04-16T12:02:25","guid":{"rendered":"https:\/\/innovasocial.webs.upv.es\/?page_id=3574"},"modified":"2019-04-16T12:17:19","modified_gmt":"2019-04-16T12:17:19","slug":"que-es","status":"publish","type":"page","link":"https:\/\/innovasocial.webs.upv.es\/index.php\/que-es\/","title":{"rendered":"Innovaci\u00f3n para la sociedad : Exposici\u00f3n de Proyectos"},"content":{"rendered":"\n<p><em>La Universitat Polit\u00e8cnica de Val\u00e8ncia (UPV), en el\nmarco de su 50 aniversario, organiza el I Foro de Innovaci\u00f3n Social UPV. A lo\nlargo de este encuentro, que se celebrar\u00e1 el d\u00eda 21 de mayo, se hablar\u00e1 sobre\nlos ODS, innovaci\u00f3n al servicio del progreso y bienestar de la sociedad, etc.<\/em><\/p>\n\n\n\n<p><em>Dentro de este evento, adem\u00e1s de\nlas charlas y de la conferencia inaugural, se realizara una exposici\u00f3n sobre\ninnovaci\u00f3n social, abierta a todas las estructuras de investigaci\u00f3n de la UPV,\ncon el objetivo que se <\/em>muestren en un stand sus\ndesarrollos y proyectos en innovaci\u00f3n social, vincul\u00e1ndolos a los Objetivos de\nDesarrollo Sostenible (ODS).<\/p>\n\n\n\n<p><\/p>\n","protected":false},"excerpt":{"rendered":"<p>La Universitat Polit\u00e8cnica de Val\u00e8ncia (UPV), en el marco de su 50 aniversario, organiza el I Foro de Innovaci\u00f3n Social UPV. A lo largo de este encuentro, que se celebrar\u00e1 el d\u00eda 21 de mayo, se hablar\u00e1 sobre los ODS, innovaci\u00f3n al servicio del progreso y bienestar de la sociedad, etc. Dentro de este evento, adem\u00e1s de las charlas y de la conferencia inaugural, se realizara una exposici\u00f3n sobre innovaci\u00f3n social, abierta a todas las estructuras de investigaci\u00f3n de la&hellip;<\/p>\n","protected":false},"author":1,"featured_media":0,"parent":0,"menu_order":0,"comment_status":"closed","ping_status":"closed","template":"","meta":{"footnotes":""},"class_list":["post-3574","page","type-page","status-publish","hentry"],"yoast_head":"<!-- This site is optimized with the Yoast SEO plugin v27.3 - https:\/\/yoast.com\/product\/yoast-seo-wordpress\/ -->\n<title>Innovaci\u00f3n para la sociedad : Exposici\u00f3n de Proyectos - Innova Social<\/title>\n<meta name=\"robots\" content=\"index, follow, max-snippet:-1, max-image-preview:large, max-video-preview:-1\" \/>\n<link rel=\"canonical\" href=\"https:\/\/innovasocial.webs.upv.es\/index.php\/que-es\/\" \/>\n<meta property=\"og:locale\" content=\"es_ES\" \/>\n<meta property=\"og:type\" content=\"article\" \/>\n<meta property=\"og:title\" content=\"Innovaci\u00f3n para la sociedad : Exposici\u00f3n de Proyectos - Innova Social\" \/>\n<meta property=\"og:description\" content=\"La Universitat Polit\u00e8cnica de Val\u00e8ncia (UPV), en el marco de su 50 aniversario, organiza el I Foro de Innovaci\u00f3n Social UPV. A lo largo de este encuentro, que se celebrar\u00e1 el d\u00eda 21 de mayo, se hablar\u00e1 sobre los ODS, innovaci\u00f3n al servicio del progreso y bienestar de la sociedad, etc. Dentro de este evento, adem\u00e1s de las charlas y de la conferencia inaugural, se realizara una exposici\u00f3n sobre innovaci\u00f3n social, abierta a todas las estructuras de investigaci\u00f3n de la&hellip;\" \/>\n<meta property=\"og:url\" content=\"https:\/\/innovasocial.webs.upv.es\/index.php\/que-es\/\" \/>\n<meta property=\"og:site_name\" content=\"Innova Social\" \/>\n<meta property=\"article:modified_time\" content=\"2019-04-16T12:17:19+00:00\" \/>\n<meta name=\"twitter:card\" content=\"summary_large_image\" \/>\n<meta name=\"twitter:label1\" content=\"Tiempo de lectura\" \/>\n\t<meta name=\"twitter:data1\" content=\"1 minuto\" \/>\n<script type=\"application\/ld+json\" class=\"yoast-schema-graph\">{\"@context\":\"https:\\\/\\\/schema.org\",\"@graph\":[{\"@type\":\"WebPage\",\"@id\":\"https:\\\/\\\/innovasocial.webs.upv.es\\\/index.php\\\/que-es\\\/\",\"url\":\"https:\\\/\\\/innovasocial.webs.upv.es\\\/index.php\\\/que-es\\\/\",\"name\":\"Innovaci\u00f3n para la sociedad : Exposici\u00f3n de Proyectos - Innova Social\",\"isPartOf\":{\"@id\":\"https:\\\/\\\/innovasocial.webs.upv.es\\\/#website\"},\"datePublished\":\"2019-04-16T12:02:25+00:00\",\"dateModified\":\"2019-04-16T12:17:19+00:00\",\"breadcrumb\":{\"@id\":\"https:\\\/\\\/innovasocial.webs.upv.es\\\/index.php\\\/que-es\\\/#breadcrumb\"},\"inLanguage\":\"es\",\"potentialAction\":[{\"@type\":\"ReadAction\",\"target\":[\"https:\\\/\\\/innovasocial.webs.upv.es\\\/index.php\\\/que-es\\\/\"]}]},{\"@type\":\"BreadcrumbList\",\"@id\":\"https:\\\/\\\/innovasocial.webs.upv.es\\\/index.php\\\/que-es\\\/#breadcrumb\",\"itemListElement\":[{\"@type\":\"ListItem\",\"position\":1,\"name\":\"Home\",\"item\":\"https:\\\/\\\/innovasocial.webs.upv.es\\\/\"},{\"@type\":\"ListItem\",\"position\":2,\"name\":\"Innovaci\u00f3n para la sociedad : Exposici\u00f3n de Proyectos\"}]},{\"@type\":\"WebSite\",\"@id\":\"https:\\\/\\\/innovasocial.webs.upv.es\\\/#website\",\"url\":\"https:\\\/\\\/innovasocial.webs.upv.es\\\/\",\"name\":\"Innova Social\",\"description\":\"\",\"potentialAction\":[{\"@type\":\"SearchAction\",\"target\":{\"@type\":\"EntryPoint\",\"urlTemplate\":\"https:\\\/\\\/innovasocial.webs.upv.es\\\/?s={search_term_string}\"},\"query-input\":{\"@type\":\"PropertyValueSpecification\",\"valueRequired\":true,\"valueName\":\"search_term_string\"}}],\"inLanguage\":\"es\"}]}<\/script>\n<!-- \/ Yoast SEO plugin. -->","yoast_head_json":{"title":"Innovaci\u00f3n para la sociedad : Exposici\u00f3n de Proyectos - Innova Social","robots":{"index":"index","follow":"follow","max-snippet":"max-snippet:-1","max-image-preview":"max-image-preview:large","max-video-preview":"max-video-preview:-1"},"canonical":"https:\/\/innovasocial.webs.upv.es\/index.php\/que-es\/","og_locale":"es_ES","og_type":"article","og_title":"Innovaci\u00f3n para la sociedad : Exposici\u00f3n de Proyectos - Innova Social","og_description":"La Universitat Polit\u00e8cnica de Val\u00e8ncia (UPV), en el marco de su 50 aniversario, organiza el I Foro de Innovaci\u00f3n Social UPV. A lo largo de este encuentro, que se celebrar\u00e1 el d\u00eda 21 de mayo, se hablar\u00e1 sobre los ODS, innovaci\u00f3n al servicio del progreso y bienestar de la sociedad, etc. Dentro de este evento, adem\u00e1s de las charlas y de la conferencia inaugural, se realizara una exposici\u00f3n sobre innovaci\u00f3n social, abierta a todas las estructuras de investigaci\u00f3n de la&hellip;","og_url":"https:\/\/innovasocial.webs.upv.es\/index.php\/que-es\/","og_site_name":"Innova Social","article_modified_time":"2019-04-16T12:17:19+00:00","twitter_card":"summary_large_image","twitter_misc":{"Tiempo de lectura":"1 minuto"},"schema":{"@context":"https:\/\/schema.org","@graph":[{"@type":"WebPage","@id":"https:\/\/innovasocial.webs.upv.es\/index.php\/que-es\/","url":"https:\/\/innovasocial.webs.upv.es\/index.php\/que-es\/","name":"Innovaci\u00f3n para la sociedad : Exposici\u00f3n de Proyectos - Innova Social","isPartOf":{"@id":"https:\/\/innovasocial.webs.upv.es\/#website"},"datePublished":"2019-04-16T12:02:25+00:00","dateModified":"2019-04-16T12:17:19+00:00","breadcrumb":{"@id":"https:\/\/innovasocial.webs.upv.es\/index.php\/que-es\/#breadcrumb"},"inLanguage":"es","potentialAction":[{"@type":"ReadAction","target":["https:\/\/innovasocial.webs.upv.es\/index.php\/que-es\/"]}]},{"@type":"BreadcrumbList","@id":"https:\/\/innovasocial.webs.upv.es\/index.php\/que-es\/#breadcrumb","itemListElement":[{"@type":"ListItem","position":1,"name":"Home","item":"https:\/\/innovasocial.webs.upv.es\/"},{"@type":"ListItem","position":2,"name":"Innovaci\u00f3n para la sociedad : Exposici\u00f3n de Proyectos"}]},{"@type":"WebSite","@id":"https:\/\/innovasocial.webs.upv.es\/#website","url":"https:\/\/innovasocial.webs.upv.es\/","name":"Innova Social","description":"","potentialAction":[{"@type":"SearchAction","target":{"@type":"EntryPoint","urlTemplate":"https:\/\/innovasocial.webs.upv.es\/?s={search_term_string}"},"query-input":{"@type":"PropertyValueSpecification","valueRequired":true,"valueName":"search_term_string"}}],"inLanguage":"es"}]}},"_links":{"self":[{"href":"https:\/\/innovasocial.webs.upv.es\/index.php\/wp-json\/wp\/v2\/pages\/3574","targetHints":{"allow":["GET"]}}],"collection":[{"href":"https:\/\/innovasocial.webs.upv.es\/index.php\/wp-json\/wp\/v2\/pages"}],"about":[{"href":"https:\/\/innovasocial.webs.upv.es\/index.php\/wp-json\/wp\/v2\/types\/page"}],"author":[{"embeddable":true,"href":"https:\/\/innovasocial.webs.upv.es\/index.php\/wp-json\/wp\/v2\/users\/1"}],"replies":[{"embeddable":true,"href":"https:\/\/innovasocial.webs.upv.es\/index.php\/wp-json\/wp\/v2\/comments?post=3574"}],"version-history":[{"count":3,"href":"https:\/\/innovasocial.webs.upv.es\/index.php\/wp-json\/wp\/v2\/pages\/3574\/revisions"}],"predecessor-version":[{"id":3580,"href":"https:\/\/innovasocial.webs.upv.es\/index.php\/wp-json\/wp\/v2\/pages\/3574\/revisions\/3580"}],"wp:attachment":[{"href":"https:\/\/innovasocial.webs.upv.es\/index.php\/wp-json\/wp\/v2\/media?parent=3574"}],"curies":[{"name":"wp","href":"https:\/\/api.w.org\/{rel}","templated":true}]}}